{"id":58926,"date":"2025-10-28T16:35:09","date_gmt":"2025-10-28T15:35:09","guid":{"rendered":"https:\/\/www.laurentbourrelly.com\/blog\/?post_type=product&#038;p=58926"},"modified":"2025-11-06T14:20:29","modified_gmt":"2025-11-06T13:20:29","slug":"48h-ia-sprint","status":"publish","type":"product","link":"https:\/\/www.laurentbourrelly.com\/blog\/boutique\/48h-ia-sprint","title":{"rendered":"48h IA Sprint"},"content":{"rendered":"<h1>De l&rsquo;id\u00e9e \u00e0 ta premi\u00e8re vente avec l&rsquo;IA&#8230;<\/h1>\n<h1>en 48 heures Top Chrono<\/h1>\n<p>Tu as des id\u00e9es de produits ou de services \u00e0 vendre, mais rien ne sort.<br \/>\nLe 48h IA Sprint est un bootcamp express qui te pousse \u00e0 <strong>passer de \u00ab\u00a0j&rsquo;y pense\u00a0\u00bb \u00e0 \u00ab\u00a0je vends.\u00a0\u00bb<\/strong><br \/>\nEn seulement 2 jours, tu trouveras une id\u00e9e rentable, valid\u00e9e par la data, cr\u00e9eras ton offre et r\u00e9aliseras tes premi\u00e8res ventes.<\/p>\n<p>Bien s\u00fbr, l&rsquo;IA sera l&rsquo;\u00e9l\u00e9ment central de tout le processus, mais tu n&rsquo;as pas besoin d&rsquo;avoir pour objectif de \u00ab\u00a0vendre de l&rsquo;IA\u00a0\u00bb.\u00a0\u00bb (<strong>L&rsquo;IA, c&rsquo;est l&rsquo;infra ; on peut trouver mieux comme b\u00e9n\u00e9fice<\/strong>.).<\/p>\n<h2>Ce que tu vas apprendre<\/h2>\n<ul>\n<li>Trouver la <strong>bonne id\u00e9e mon\u00e9tisable<\/strong> en moins d&rsquo;une heure gr\u00e2ce \u00e0 un syst\u00e8me puissant et infaillible<\/li>\n<li>Valider l&rsquo;offre en <strong>marquant ta diff\u00e9rence<\/strong> et <strong>analyser avec pr\u00e9cision le march\u00e9<\/strong><\/li>\n<li>Cr\u00e9er une offre vendable en un <strong>temps record<\/strong><\/li>\n<li>Construire l&rsquo;<strong>\u00e9cosyst\u00e8me pour vendre<\/strong> (page de vente, syst\u00e8me de paiement, &#8230;)<\/li>\n<li>Obtenir ta premi\u00e8re preuve de <strong>vente r\u00e9elle<\/strong> avant le d\u00e9lai de 48h<\/li>\n<\/ul>\n<h3>Objectif final<\/h3>\n<p>En 48 heures, tu passes de \u00ab\u00a0id\u00e9e vague\u00a0\u00bb \u00e0 \u00ab\u00a0je fais des ventes.\u00a0\u00bb<\/p>\n<p>A la fin du sprint, tu auras:<\/p>\n<ul>\n<li>Une id\u00e9e business valid\u00e9e<\/li>\n<li>Une page de vente avec syst\u00e8me de paiement fonctionnel<\/li>\n<li>Une logistique automatis\u00e9e<\/li>\n<li>Au moins une vente<\/li>\n<\/ul>\n<p>Plus que le d\u00e9fi d&rsquo;atteindre une <strong>v\u00e9locit\u00e9 raisonnable \u00e0 l&rsquo;\u00e8re de l&rsquo;IA<\/strong>, tu vas enfin \u00eatre <strong>convaincu que le syst\u00e8me fonctionne<\/strong>.<br \/>\nTu dois arr\u00eater d&rsquo;\u00eatre distrait pour <strong>transformer l&rsquo;IA en une imprimante \u00e0 fric.<\/strong><\/p>\n<p>Pour ce faire, il n&rsquo;y a pas de meilleure m\u00e9thode que de se r\u00e9compenser rapidement.<br \/>\nApr\u00e8s que tu auras \u00e9t\u00e9 convaincu que c&rsquo;est beaucoup plus facile et surtout beaucoup plus rapide que tu ne le penses, tu deviendras enfin invincible et intouchable.<\/p>\n<h3>Contenu du programme<\/h3>\n<ol>\n<li>Sprint Mindset : Adopter le mode v\u00e9locit\u00e9 max<\/li>\n<li>Trouver &amp; valider ton id\u00e9e : Le syst\u00e8me pr\u00e9cis pour identifier une opportunit\u00e9 business \u00e0 fort potentiel<\/li>\n<li>\u00a0Cr\u00e9er l&rsquo;offre : Transformer ton id\u00e9e en offre \u00e0 vendre<\/li>\n<li>Comment se faire payer : O\u00f9 et comment on va encaisser l&rsquo;argent<\/li>\n<li>Trouver les clients : Quelles sont les m\u00e9thodes efficaces pour trouver rapidement des clients<\/li>\n<li>It\u00e9ration : Lancer vite, apprendre, ajuster, relancer<\/li>\n<li>Bonus : D\u00e9fi moins de 60 minutes pour construire et mettre en vente<\/li>\n<li>Webinaire (dispo en replay) : 30 jours apr\u00e8s le lancement de la formation, on fera l&rsquo;\u00e9tat des lieux sur tes succ\u00e8s et tes \u00e9checs<\/li>\n<\/ol>\n<p>Les cours (<strong>6 vid\u00e9os de cours, 1 vid\u00e9o bonus et 1 webinaire)<\/strong> sont des vid\u00e9os \u00e0 t\u00e9l\u00e9charger, accompagn\u00e9es de supports en PDF avec des exercices, des templates, des prompts, etc.<\/p>\n<h2>BONUS<\/h2>\n<ol>\n<li>Parmi les 100 premiers clients, <strong>2 seront choisis au hasard pour un accompagnement personnalis\u00e9<\/strong>, qui sera document\u00e9 et partag\u00e9 lors du Webinaire.<\/li>\n<li>En plus du Sprint IA 48h, le cours Bonus va montrer<strong> trois id\u00e9es business qu&rsquo;on peut mettre en place avec l&rsquo;IA en quelques dizaines de minutes<\/strong>.<\/li>\n<li>Acc\u00e8s au groupe Sprint IA 48h sur mon Discord<\/li>\n<\/ol>\n<h3>Pour qui est cette formation ?<\/h3>\n<ul>\n<li>Entrepreneurs bloqu\u00e9s dans la phase d&rsquo;id\u00e9e<\/li>\n<li>Ceux qui veulent cr\u00e9er leur premier produit avec l&rsquo;IA<\/li>\n<li>Cr\u00e9ateurs de contenu qui veulent gagner de l&rsquo;argent tr\u00e8s rapidement<\/li>\n<li>Ceux qui veulent tester un concept avant de voir plus grand<\/li>\n<li>Toute personne qui a tendance \u00e0 vouloir trop perfectionner pour valider un projet<\/li>\n<\/ul>\n","protected":false},"excerpt":{"rendered":"<h1>De l&rsquo;id\u00e9e \u00e0 ta premi\u00e8re vente avec l&rsquo;IA en 48 heures<\/h1>\n<p>Tu n&rsquo;as pas besoin d&rsquo;un plan parfait.<br \/>\nTu as besoin d&rsquo;adopter la bonne v\u00e9locit\u00e9 (vitesse et direction).<\/p>\n<h2>Objectif<\/h2>\n<p>Prouver que ton id\u00e9e est valide ce week-end avec une vraie offre vendue, pas un projet en attente.<\/p>\n<h3>Tu vas apprendre \u00e0 :<\/h3>\n<ul>\n<li>Trouver une id\u00e9e mon\u00e9tisable en moins d&rsquo;une heure<\/li>\n<li>Cr\u00e9er une offre avec l&rsquo;IA sans savoir coder<\/li>\n<li>Construire ton syst\u00e8me de vente automatique<\/li>\n<li>G\u00e9n\u00e9rer ta premi\u00e8re vente en 48h max<\/li>\n<\/ul>\n<h3>Contenu du Sprint IA 48h<\/h3>\n<ul>\n<li>6 cours vid\u00e9os<\/li>\n<li>1 cours bonus (id\u00e9es business pour vendre en quelques minutes)<\/li>\n<li>1 Webinaire (dispo en replay)<\/li>\n<li>1 acc\u00e8s au Salon 48h IA Sprint sur Discord<\/li>\n<li>Supports PDF (templates, exercises, prompts, &#8230;)<\/li>\n<\/ul>\n","protected":false},"featured_media":58927,"template":"","meta":{"site-sidebar-layout":"default","site-content-layout":"","ast-site-content-layout":"default","site-content-style":"default","site-sidebar-style":"default","ast-global-header-display":"","ast-banner-title-visibility":"","ast-main-header-display":"","ast-hfb-above-header-display":"","ast-hfb-below-header-display":"","ast-hfb-mobile-header-display":"","site-post-title":"","ast-breadcrumbs-content":"","ast-featured-img":"","footer-sml-layout":"","ast-disable-related-posts":"","theme-transparent-header-meta":"default","adv-header-id-meta":"","stick-header-meta":"","header-above-stick-meta":"","header-main-stick-meta":"","header-below-stick-meta":"","astra-migrate-meta-layouts":"set","ast-page-background-enabled":"default","ast-page-background-meta":{"desktop":{"background-color":"var(--ast-global-color-4)","background-image":"","background-repeat":"repeat","background-position":"center center","background-size":"auto","background-attachment":"scroll","background-type":"","background-media":"","overlay-type":"","overlay-color":"","overlay-opacity":"","overlay-gradient":""},"tablet":{"background-color":"","background-image":"","background-repeat":"repeat","background-position":"center center","background-size":"auto","background-attachment":"scroll","background-type":"","background-media":"","overlay-type":"","overlay-color":"","overlay-opacity":"","overlay-gradient":""},"mobile":{"background-color":"","background-image":"","background-repeat":"repeat","background-position":"center center","background-size":"auto","background-attachment":"scroll","background-type":"","background-media":"","overlay-type":"","overlay-color":"","overlay-opacity":"","overlay-gradient":""}},"ast-content-background-meta":{"desktop":{"background-color":"var(--ast-global-color-5)","background-image":"","background-repeat":"repeat","background-position":"center center","background-size":"auto","background-attachment":"scroll","background-type":"","background-media":"","overlay-type":"","overlay-color":"","overlay-opacity":"","overlay-gradient":""},"tablet":{"background-color":"var(--ast-global-color-5)","background-image":"","background-repeat":"repeat","background-position":"center center","background-size":"auto","background-attachment":"scroll","background-type":"","background-media":"","overlay-type":"","overlay-color":"","overlay-opacity":"","overlay-gradient":""},"mobile":{"background-color":"var(--ast-global-color-5)","background-image":"","background-repeat":"repeat","background-position":"center center","background-size":"auto","background-attachment":"scroll","background-type":"","background-media":"","overlay-type":"","overlay-color":"","overlay-opacity":"","overlay-gradient":""}}},"product_brand":[],"product_cat":[571],"product_tag":[],"class_list":{"0":"post-58926","1":"product","2":"type-product","3":"status-publish","4":"has-post-thumbnail","6":"product_cat-ia","7":"desktop-align-left","8":"tablet-align-left","9":"mobile-align-left","11":"first","12":"instock","13":"sale","14":"shipping-taxable","15":"purchasable","16":"product-type-simple"},"_links":{"self":[{"href":"https:\/\/www.laurentbourrelly.com\/blog\/wp-json\/wp\/v2\/product\/58926","targetHints":{"allow":["GET"]}}],"collection":[{"href":"https:\/\/www.laurentbourrelly.com\/blog\/wp-json\/wp\/v2\/product"}],"about":[{"href":"https:\/\/www.laurentbourrelly.com\/blog\/wp-json\/wp\/v2\/types\/product"}],"wp:featuredmedia":[{"embeddable":true,"href":"https:\/\/www.laurentbourrelly.com\/blog\/wp-json\/wp\/v2\/media\/58927"}],"wp:attachment":[{"href":"https:\/\/www.laurentbourrelly.com\/blog\/wp-json\/wp\/v2\/media?parent=58926"}],"wp:term":[{"taxonomy":"product_brand","embeddable":true,"href":"https:\/\/www.laurentbourrelly.com\/blog\/wp-json\/wp\/v2\/product_brand?post=58926"},{"taxonomy":"product_cat","embeddable":true,"href":"https:\/\/www.laurentbourrelly.com\/blog\/wp-json\/wp\/v2\/product_cat?post=58926"},{"taxonomy":"product_tag","embeddable":true,"href":"https:\/\/www.laurentbourrelly.com\/blog\/wp-json\/wp\/v2\/product_tag?post=58926"}],"curies":[{"name":"wp","href":"https:\/\/api.w.org\/{rel}","templated":true}]}}