{"id":58739,"date":"2025-07-12T22:35:22","date_gmt":"2025-07-12T20:35:22","guid":{"rendered":"https:\/\/www.laurentbourrelly.com\/blog\/?post_type=product&#038;p=58739"},"modified":"2025-12-17T20:41:48","modified_gmt":"2025-12-17T19:41:48","slug":"cocon-semantique-omnicanal","status":"publish","type":"product","link":"https:\/\/www.laurentbourrelly.com\/blog\/boutique\/cocon-semantique-omnicanal","title":{"rendered":"Cocon S\u00e9mantique OmniCanal"},"content":{"rendered":"<p>Depuis son lancement en 2012, la strat\u00e9gie SEO du Cocon S\u00e9mantique ne vieillit pas.<\/p>\n<p>Elle s&rsquo;adapte.<\/p>\n<p>Aujourd&rsquo;hui, les enjeux de visibilit\u00e9 exigent qu&rsquo;on hausse le curseur.<br \/>\nC&rsquo;est pour \u00e7a que le Cocon S\u00e9mantique OmniCanal est profil\u00e9 en soufflerie pour prouver aux algorithmes et aux humains que tu es LA r\u00e9f\u00e9rence absolue sur tes mots cl\u00e9s et dans ton industrie.<\/p>\n<p>Mettons de l&rsquo;ordre dans nos actifs num\u00e9riques et on va laisser tout le monde la t\u00eate dans le sable.<\/p>\n<p>Le Cocon S\u00e9mantique a prouv\u00e9 \u00eatre la seule strat\u00e9gie qui ne va jamais expirer.<br \/>\nC&rsquo;est la bonne mani\u00e8re de construire une strate SEO solide, performante et p\u00e9renne.<\/p>\n<p><strong>Objectif de la formation<\/strong><\/p>\n<p>Cette formation exclusive t\u2019apprend \u00e0 d\u00e9ployer une strat\u00e9gie SEO Cocon S\u00e9mantique modernis\u00e9e, adapt\u00e9e aux nouveaux standards du web :<\/p>\n<ul>\n<li>Multim\u00e9dia (texte, audio, vid\u00e9o, visuel)<\/li>\n<li>Pr\u00e9sence omnicanale (site, blog, r\u00e9seaux, podcast, newsletter&#8230;)<\/li>\n<li>Int\u00e9gration intelligente de l\u2019IA comme copilote, pas comme substitut<\/li>\n<\/ul>\n<p><strong>\u00c0 qui s\u2019adresse cette formation ?<\/strong><\/p>\n<ul>\n<li>Cr\u00e9ateurs de contenu, entrepreneurs, consultants SEO, marketers, formateurs\u2026<\/li>\n<li>Tous ceux qui veulent dominer leur th\u00e9matique, augmenter leur visibilit\u00e9 et b\u00e2tir une autorit\u00e9 de fond<\/li>\n<li>Que tu sois d\u00e9butant strat\u00e9gique ou expert technique : tu seras guid\u00e9 \u00e9tape par \u00e9tape<\/li>\n<\/ul>\n<p><strong>Ce que tu vas apprendre<\/strong><\/p>\n<ul>\n<li>Concevoir un Cocon S\u00e9mantique OmniCanal solide, clair et orient\u00e9 utilisateur<\/li>\n<li>Devenir ultra strat\u00e9gique dans l&rsquo;utilisation de tous tes actifs num\u00e9riques<\/li>\n<li>Utiliser l\u2019IA pour acc\u00e9l\u00e9rer ta production, am\u00e9liorer la qualit\u00e9, sans sacrifier ta voix<\/li>\n<li>D\u00e9ployer une strat\u00e9gie qui donne des r\u00e9sultats 100% m\u00e9caniquement et imm\u00e9diatement<\/li>\n<\/ul>\n<p><strong>Format<\/strong><\/p>\n<ul>\n<li>Acc\u00e8s imm\u00e9diat<\/li>\n<li>Vid\u00e9os \u00e0 t\u00e9l\u00e9charger pour visionner \u00e0 ton rythme<\/li>\n<li>Ressources et liens utiles<\/li>\n<\/ul>\n<p><strong>R\u00e9sultat attendu<\/strong><\/p>\n<p>\u00c0 l\u2019issue de cette formation, tu sauras prouver ta l\u00e9gitimit\u00e9 th\u00e9matique aux yeux de Google et de ton audience, en combinant puissance du SEO, force du contenu, et Intelligence Artificielle.<br \/>\nCe n&rsquo;est pas vrai qu&rsquo;il faut attendre des mois pour que le SEO fonctionne.<br \/>\nLes r\u00e9sultats viennent d\u00e8s que tu enclenches.<\/p>\n<p><strong>Le programme<\/strong><\/p>\n<ol>\n<li>Rappel du contexte : d&rsquo;o\u00f9 on vient et o\u00f9 en sommes nous avec le SEO &#8211; 21mn<\/li>\n<li>Red\u00e9finir les r\u00e8gles d&rsquo;engagement : le nouveau plan de bataille &#8211; 50mn<\/li>\n<li>Focus sur le site Web : am\u00e9liorer la qualit\u00e9 du texte gr\u00e2ce \u00e0 l&rsquo;IA en gardant le contr\u00f4le (Partie 1 30mn &#8211; Partie 2 1h20mn)<\/li>\n<li>Focus multim\u00e9dia : la mani\u00e8re simple, rapide et pas ch\u00e8re pour produire des images et des vid\u00e9os de top qualit\u00e9 (53mn)<\/li>\n<li>La clef du succ\u00e8s pour combiner les efforts de tous les actifs num\u00e9riques (21mn)<\/li>\n<li>Webinar annuel pour r\u00e9pondre aux questions et mettre \u00e0 jour la formation (2 heures minimum)<\/li>\n<\/ol>\n<p><strong>Bonus<\/strong><\/p>\n<ul>\n<li><a href=\"https:\/\/www.laurentbourrelly.com\/blog\/boutique\/apprendre-a-creer-sa-marque\">Formation branding<\/a> offerte (valeur 248,50\u20ac)<\/li>\n<li><a href=\"https:\/\/www.laurentbourrelly.com\/blog\/boutique\/netlinking-sous-steroides\">Formation netlinking<\/a> offerte (valeur 497\u20ac)<\/li>\n<\/ul>\n<p><strong>Programme Formation Branding<\/strong><\/p>\n<ol>\n<li class=\"p1\">Comprendre le branding et pourquoi c\u2019est indispensable \u2013 00h50mn<\/li>\n<li class=\"p1\">Mettre en place une strat\u00e9gie de branding \u00e0 forte personnalit\u00e9 et fort positionnement \u2013 01h25mn<\/li>\n<li class=\"p1\">Pas de branding sans ma\u00eetrise de l\u2019analyse d\u2019audience \u2013 00h45mn<\/li>\n<li class=\"p1\">Entre psychologie et identit\u00e9 de marque, cr\u00e9er la r\u00e9sonance\u00a0\u00a0et le positionnement d\u2019une marque \u2013 01h00mn<\/li>\n<li class=\"p1\">Les \u00e9l\u00e9ments d\u2019identit\u00e9 de marque et mettre en place une coh\u00e9rence dans les axes de communication \u2013 00h30mn<\/li>\n<li class=\"p1\">Comment r\u00e9ussir la promotion de sa marque avec la cr\u00e9ation de campagnes remarquables \u2013 01h30mn<\/li>\n<li class=\"p1\">Mesure la performance et l\u2019impact sur des axes de visibilit\u00e9, tels que le SEO \u2013 00h15mn<\/li>\n<li class=\"p1\">Entretenir sa marque : \u00e9voluer dans le temps et s\u2019adapter \u00e0 des cultures diff\u00e9rentes \u2013 00h15mn<\/li>\n<li class=\"p1\">Tu as appliqu\u00e9 la m\u00e9thode \u00e0 lettre mais \u00e7a ne fonctionne pas. Comment faire? Le hack du relaunch \u2013 1h10mn<\/li>\n<\/ol>\n<p><strong>Programme Formation Netlinking<\/strong><\/p>\n<ol>\n<li>Intro \u2013 07mn38s<\/li>\n<li>\u00c0 quoi ressemble un profil de liens naturel? \u2013 36mn51s<\/li>\n<li>Mindmapping du r\u00e9seau priv\u00e9 \u2013 28mn14s<\/li>\n<li>Avantages et inconv\u00e9nients des sites propri\u00e9taires \u2013 56mn28s<\/li>\n<li>Avantages et inconv\u00e9nients des spots locataires \u2013 26mn33s<\/li>\n<li>Le g\u00e9nie du Persona Linking \u2013 10mn28s<\/li>\n<li>Le Pouvoir du Relinking \u2013 22mn01s<\/li>\n<li>Replay Webinar \u2013 3h15mn<\/li>\n<\/ol>\n","protected":false},"excerpt":{"rendered":"<p><strong>Formation Cocon S\u00e9mantique OmniCanal<\/strong><\/p>\n<ul>\n<li>La m\u00e9thode compl\u00e8te pour construire un Cocon S\u00e9mantique moderne, pens\u00e9 pour l&rsquo;humain ET pour les algorithmes<\/li>\n<li>Une strat\u00e9gie OmniCanale puissante, qui a fait ses preuves<\/li>\n<li>Un usage ma\u00eetris\u00e9 de l\u2019IA\u00a0 en version humain augment\u00e9 intelligemment<\/li>\n<\/ul>\n","protected":false},"featured_media":58740,"template":"","meta":{"site-sidebar-layout":"default","site-content-layout":"","ast-site-content-layout":"default","site-content-style":"default","site-sidebar-style":"default","ast-global-header-display":"","ast-banner-title-visibility":"","ast-main-header-display":"","ast-hfb-above-header-display":"","ast-hfb-below-header-display":"","ast-hfb-mobile-header-display":"","site-post-title":"","ast-breadcrumbs-content":"","ast-featured-img":"","footer-sml-layout":"","ast-disable-related-posts":"","theme-transparent-header-meta":"default","adv-header-id-meta":"","stick-header-meta":"","header-above-stick-meta":"","header-main-stick-meta":"","header-below-stick-meta":"","astra-migrate-meta-layouts":"set","ast-page-background-enabled":"default","ast-page-background-meta":{"desktop":{"background-color":"var(--ast-global-color-4)","background-image":"","background-repeat":"repeat","background-position":"center center","background-size":"auto","background-attachment":"scroll","background-type":"","background-media":"","overlay-type":"","overlay-color":"","overlay-opacity":"","overlay-gradient":""},"tablet":{"background-color":"","background-image":"","background-repeat":"repeat","background-position":"center center","background-size":"auto","background-attachment":"scroll","background-type":"","background-media":"","overlay-type":"","overlay-color":"","overlay-opacity":"","overlay-gradient":""},"mobile":{"background-color":"","background-image":"","background-repeat":"repeat","background-position":"center center","background-size":"auto","background-attachment":"scroll","background-type":"","background-media":"","overlay-type":"","overlay-color":"","overlay-opacity":"","overlay-gradient":""}},"ast-content-background-meta":{"desktop":{"background-color":"var(--ast-global-color-5)","background-image":"","background-repeat":"repeat","background-position":"center center","background-size":"auto","background-attachment":"scroll","background-type":"","background-media":"","overlay-type":"","overlay-color":"","overlay-opacity":"","overlay-gradient":""},"tablet":{"background-color":"var(--ast-global-color-5)","background-image":"","background-repeat":"repeat","background-position":"center center","background-size":"auto","background-attachment":"scroll","background-type":"","background-media":"","overlay-type":"","overlay-color":"","overlay-opacity":"","overlay-gradient":""},"mobile":{"background-color":"var(--ast-global-color-5)","background-image":"","background-repeat":"repeat","background-position":"center center","background-size":"auto","background-attachment":"scroll","background-type":"","background-media":"","overlay-type":"","overlay-color":"","overlay-opacity":"","overlay-gradient":""}}},"product_brand":[],"product_cat":[567],"product_tag":[],"class_list":{"0":"post-58739","1":"product","2":"type-product","3":"status-publish","4":"has-post-thumbnail","6":"product_cat-cocon-semantique","7":"desktop-align-left","8":"tablet-align-left","9":"mobile-align-left","11":"first","12":"instock","13":"sale","14":"shipping-taxable","15":"purchasable","16":"product-type-simple"},"_links":{"self":[{"href":"https:\/\/www.laurentbourrelly.com\/blog\/wp-json\/wp\/v2\/product\/58739","targetHints":{"allow":["GET"]}}],"collection":[{"href":"https:\/\/www.laurentbourrelly.com\/blog\/wp-json\/wp\/v2\/product"}],"about":[{"href":"https:\/\/www.laurentbourrelly.com\/blog\/wp-json\/wp\/v2\/types\/product"}],"wp:featuredmedia":[{"embeddable":true,"href":"https:\/\/www.laurentbourrelly.com\/blog\/wp-json\/wp\/v2\/media\/58740"}],"wp:attachment":[{"href":"https:\/\/www.laurentbourrelly.com\/blog\/wp-json\/wp\/v2\/media?parent=58739"}],"wp:term":[{"taxonomy":"product_brand","embeddable":true,"href":"https:\/\/www.laurentbourrelly.com\/blog\/wp-json\/wp\/v2\/product_brand?post=58739"},{"taxonomy":"product_cat","embeddable":true,"href":"https:\/\/www.laurentbourrelly.com\/blog\/wp-json\/wp\/v2\/product_cat?post=58739"},{"taxonomy":"product_tag","embeddable":true,"href":"https:\/\/www.laurentbourrelly.com\/blog\/wp-json\/wp\/v2\/product_tag?post=58739"}],"curies":[{"name":"wp","href":"https:\/\/api.w.org\/{rel}","templated":true}]}}