{"id":58642,"date":"2025-01-14T10:51:25","date_gmt":"2025-01-14T09:51:25","guid":{"rendered":"https:\/\/www.laurentbourrelly.com\/blog\/?post_type=product&#038;p=58642"},"modified":"2025-03-25T17:17:45","modified_gmt":"2025-03-25T16:17:45","slug":"consultant-seo","status":"publish","type":"product","link":"https:\/\/www.laurentbourrelly.com\/blog\/boutique\/consultant-seo","title":{"rendered":"Le nouveau m\u00e9tier de consultant SEO"},"content":{"rendered":"<h2><strong>Le m\u00e9tier de consultant SEO : la solution pour dominer dans une industrie en crise<\/strong><\/h2>\n<p>&nbsp;<\/p>\n<p>Face \u00e0 une industrie en mutation, cette formation vous aide \u00e0 naviguer les d\u00e9fis du SEO moderne tout en d\u00e9veloppant une approche strat\u00e9gique et durable. Vous apprendrez \u00e0 regagner la confiance des clients, int\u00e9grer les nouvelles technologies comme l\u2019IA, et construire un mindset solide pour prosp\u00e9rer dans un environnement comp\u00e9titif.<\/p>\n<p>Con\u00e7ue pour les consultants qui souhaitent \u00e9voluer et s\u2019adapter, cette formation offre des solutions simples, efficaces et adapt\u00e9es \u00e0 vos besoins. On parle 20% technique et 80% m\u00e9tier.<\/p>\n<p>Ce programme unique vous permet de ma\u00eetriser l\u2019existant et anticiper les nouvelles r\u00e9alit\u00e9s du SEO.<\/p>\n<p><strong>Bonus exclusif<\/strong> : une session 1:1 personnalis\u00e9e est offerte pour \u00e9laborer votre plan d\u2019action. Vous b\u00e9n\u00e9ficierez de conseils sur-mesure pour lever vos blocages et assurer une r\u00e9ussite durable.<\/p>\n<p>&nbsp;<\/p>\n<h3><strong>Ce que tu vas apprendre dans cette formation:<\/strong><\/h3>\n<ol>\n<li><strong>Intro et fondations du SEO moderne<\/strong>\n<ul>\n<li>1 Comprendre ce que veulent les nouveaux algorithmes<\/li>\n<li>1.2 Les 3 concepts techniques avanc\u00e9s indispensables<\/li>\n<\/ul>\n<\/li>\n<li><strong>Franchir les prochains paliers de l\u2019expertise SEO<\/strong>\n<ul>\n<li>2.1 L\u2019enjeu du contenu multim\u00e9dia<\/li>\n<li>2.2 Aller plus loin dans la puissance du lien et du branding<\/li>\n<\/ul>\n<\/li>\n<li><strong>Acqu\u00e9rir les super pouvoirs du SEO<\/strong>\n<ul>\n<li>3.1 Comment mieux utiliser l\u2019IA<\/li>\n<li>3.2 Ma\u00eetriser la prise de d\u00e9cisions<\/li>\n<\/ul>\n<\/li>\n<li><strong>Tendances \u00e9mergentes et niches<\/strong>\n<ul>\n<li>4.1 Les nouveaux bons plans business<\/li>\n<li>4.2 SEO pour les nouvelles plateformes<\/li>\n<li>4.3 Mes pr\u00e9dictions pour le futur<\/li>\n<\/ul>\n<\/li>\n<li><strong>Conclusion &#8211; D\u00e9velopper ton activit\u00e9 de SEO<\/strong><\/li>\n<\/ol>\n<p>&nbsp;<\/p>\n","protected":false},"excerpt":{"rendered":"<p>Le m\u00e9tier de consultant SEO : la solution pour dominer dans une industrie en crise &nbsp; Face \u00e0 une industrie en mutation, cette formation vous aide \u00e0 naviguer les d\u00e9fis du SEO moderne tout en d\u00e9veloppant une approche strat\u00e9gique et durable. Vous apprendrez \u00e0 regagner la confiance des clients, int\u00e9grer les nouvelles technologies comme l\u2019IA, [&hellip;]<\/p>\n","protected":false},"featured_media":58672,"template":"","meta":{"site-sidebar-layout":"default","site-content-layout":"default","ast-site-content-layout":"default","site-content-style":"default","site-sidebar-style":"default","ast-global-header-display":"","ast-banner-title-visibility":"","ast-main-header-display":"","ast-hfb-above-header-display":"","ast-hfb-below-header-display":"","ast-hfb-mobile-header-display":"","site-post-title":"","ast-breadcrumbs-content":"","ast-featured-img":"","footer-sml-layout":"","ast-disable-related-posts":"","theme-transparent-header-meta":"default","adv-header-id-meta":"","stick-header-meta":"","header-above-stick-meta":"","header-main-stick-meta":"","header-below-stick-meta":"","astra-migrate-meta-layouts":"set","ast-page-background-enabled":"default","ast-page-background-meta":{"desktop":{"background-color":"var(--ast-global-color-4)","background-image":"","background-repeat":"repeat","background-position":"center center","background-size":"auto","background-attachment":"scroll","background-type":"","background-media":"","overlay-type":"","overlay-color":"","overlay-opacity":"","overlay-gradient":""},"tablet":{"background-color":"","background-image":"","background-repeat":"repeat","background-position":"center center","background-size":"auto","background-attachment":"scroll","background-type":"","background-media":"","overlay-type":"","overlay-color":"","overlay-opacity":"","overlay-gradient":""},"mobile":{"background-color":"","background-image":"","background-repeat":"repeat","background-position":"center center","background-size":"auto","background-attachment":"scroll","background-type":"","background-media":"","overlay-type":"","overlay-color":"","overlay-opacity":"","overlay-gradient":""}},"ast-content-background-meta":{"desktop":{"background-color":"var(--ast-global-color-5)","background-image":"","background-repeat":"repeat","background-position":"center center","background-size":"auto","background-attachment":"scroll","background-type":"","background-media":"","overlay-type":"","overlay-color":"","overlay-opacity":"","overlay-gradient":""},"tablet":{"background-color":"var(--ast-global-color-5)","background-image":"","background-repeat":"repeat","background-position":"center center","background-size":"auto","background-attachment":"scroll","background-type":"","background-media":"","overlay-type":"","overlay-color":"","overlay-opacity":"","overlay-gradient":""},"mobile":{"background-color":"var(--ast-global-color-5)","background-image":"","background-repeat":"repeat","background-position":"center center","background-size":"auto","background-attachment":"scroll","background-type":"","background-media":"","overlay-type":"","overlay-color":"","overlay-opacity":"","overlay-gradient":""}}},"product_brand":[],"product_cat":[565],"product_tag":[],"class_list":{"0":"post-58642","1":"product","2":"type-product","3":"status-publish","4":"has-post-thumbnail","6":"product_cat-seo","7":"desktop-align-left","8":"tablet-align-left","9":"mobile-align-left","11":"first","12":"instock","13":"sale","14":"downloadable","15":"virtual","16":"purchasable","17":"product-type-simple"},"_links":{"self":[{"href":"https:\/\/www.laurentbourrelly.com\/blog\/wp-json\/wp\/v2\/product\/58642","targetHints":{"allow":["GET"]}}],"collection":[{"href":"https:\/\/www.laurentbourrelly.com\/blog\/wp-json\/wp\/v2\/product"}],"about":[{"href":"https:\/\/www.laurentbourrelly.com\/blog\/wp-json\/wp\/v2\/types\/product"}],"wp:featuredmedia":[{"embeddable":true,"href":"https:\/\/www.laurentbourrelly.com\/blog\/wp-json\/wp\/v2\/media\/58672"}],"wp:attachment":[{"href":"https:\/\/www.laurentbourrelly.com\/blog\/wp-json\/wp\/v2\/media?parent=58642"}],"wp:term":[{"taxonomy":"product_brand","embeddable":true,"href":"https:\/\/www.laurentbourrelly.com\/blog\/wp-json\/wp\/v2\/product_brand?post=58642"},{"taxonomy":"product_cat","embeddable":true,"href":"https:\/\/www.laurentbourrelly.com\/blog\/wp-json\/wp\/v2\/product_cat?post=58642"},{"taxonomy":"product_tag","embeddable":true,"href":"https:\/\/www.laurentbourrelly.com\/blog\/wp-json\/wp\/v2\/product_tag?post=58642"}],"curies":[{"name":"wp","href":"https:\/\/api.w.org\/{rel}","templated":true}]}}