{"id":55690,"date":"2023-03-29T12:58:26","date_gmt":"2023-03-29T10:58:26","guid":{"rendered":"https:\/\/www.laurentbourrelly.com\/blog\/produit\/album"},"modified":"2025-02-25T12:25:05","modified_gmt":"2025-02-25T11:25:05","slug":"seo101","status":"publish","type":"product","link":"https:\/\/www.laurentbourrelly.com\/blog\/boutique\/seo101","title":{"rendered":"R\u00e9f\u00e9rencement Google : la m\u00e9thode INFAILLIBLE pour partir de Z\u00c9RO et arriver PREMIER"},"content":{"rendered":"<p><strong>Programme de la Formation SEO 101 par Laurent Bourrelly<\/strong><\/p>\n<p>Deux jours de formation intensive en 5 vid\u00e9o + une vid\u00e9o bonus avec un invit\u00e9 sp\u00e9cial, pour partir du bon pied en r\u00e9f\u00e9rencement sur Google.<br \/>\nL\u2019objectif avou\u00e9 est de vous apprendre \u00e0 parfaitement mettre en ad\u00e9quation les moyens avec les objectifs.<\/p>\n<p>Je vous livre les principaux leviers \u00e0 actionner, qui fonctionnent pour obtenir des r\u00e9sultats.<\/p>\n<p>Arriver 1er sur Google pour vos mots cl\u00e9s n\u2019a plus de secret.<\/p>\n<p>Apr\u00e8s 20 ans \u00e0 travailler quotidiennement sur le sujet, j\u2019esp\u00e8re bien ne plus compter sur un miracle improbable pour r\u00e9ussir.<\/p>\n<p>L\u2019id\u00e9e est de passer une journ\u00e9e \u00e0 d\u00e9rouler ma vision de l\u2019optimisation \u00ab on page \u00bb et \u00ab on site \u00bb; le deuxi\u00e8me jour est consacr\u00e9 \u00e0 tous les \u00e9l\u00e9ments \u00ab off site \u00bb.<\/p>\n<p><strong>Jour 1 :<\/strong><br \/>\n<strong>LES ENJEUX TECHNIQUES<\/strong><\/p>\n<p>Le volet technique est impitoyable. Ce n\u2019est pas la clef du succ\u00e8s en r\u00e9f\u00e9rencement, mais il est absolument vital de pr\u00e9senter un site construit dans les r\u00e8gles de l\u2019art.<\/p>\n<ul>\n<li>Savoir concilier la pr\u00e9conisation pour le SEO avec les contraintes techniques et les priorit\u00e9s marketing<\/li>\n<li>D\u00e9velopper toute la puissance d\u2019une architecture de site Web<\/li>\n<li>Les pi\u00e8ges techniques \u00e0 \u00e9viter<\/li>\n<li>Les bonnes pratiques \u00e0 appliquer, du choix de l\u2019h\u00e9bergeur \u00e0 l\u2019implantation des micro formats<\/li>\n<li>Pourquoi l\u2019architecture du site est une priorit\u00e9 absolue.<\/li>\n<li>Les diff\u00e9rentes solutions d\u2019architecture avec leurs avantages et leurs inconv\u00e9nients.<\/li>\n<li>Les principes de l\u2019algorithme du PageRank Th\u00e9matique appliqu\u00e9s au maillage interne. Notion de glissement s\u00e9mantique et vases communicants au sein de silos du contenu.<\/li>\n<li>Apprendre \u00e0 d\u00e9velopper un plan de route \u00e9ditorial le plus puissant possible.<\/li>\n<\/ul>\n<p><em>Maintenant, il faut cr\u00e9er du contenu de qualit\u00e9 et commencer \u00e0 propulser votre site vers la p\u00f4le position.<\/em><\/p>\n<p>&nbsp;<\/p>\n<p><strong>LA M\u00c9THODE POUR R\u00c9DIGER DU CONTENU QUI CLAQUE, POUR LES INTERNAUTES ET LES MOTEURS<\/strong><\/p>\n<p>Il para\u00eet que le contenu est roi, mais les moteurs sont-ils capables d\u2019interpr\u00e9ter la notion de \u00ab qualit\u00e9 \u00bb ? L\u2019enjeu est de produire du contenu qui va int\u00e9resser l\u2019humain tout en le profilant en soufflerie SEO pour qu\u2019il soit bien valoris\u00e9 par les moteurs.<\/p>\n<ul>\n<li>Optimisation \u00ab on page \u00bb : tous les petits d\u00e9tails qui font une grande diff\u00e9rence.<\/li>\n<li>Parfaitement ma\u00eetriser la mani\u00e8re de composer une page pertinente. Savoir jauger la valeur de son contenu, par rapport aux crit\u00e8res des algorithmes de moteurs.<\/li>\n<li>D\u00e9monstration de la r\u00e9elle fa\u00e7on d\u2019interpr\u00e9ter la notion de qualit\u00e9 par un moteur.<\/li>\n<li>Comment \u00eatre plus malin que les robots !<\/li>\n<li>\u00c9tat des lieux de la r\u00e9daction automatique<\/li>\n<\/ul>\n<p><em>Vous \u00eates d\u00e9sormais capable de r\u00e9aliser le plus difficile : produire du contenu int\u00e9ressant pour le visiteur humain, tout en l\u2019affinant pour qu\u2019il soit aussi valoris\u00e9 par les moteurs.<\/em><\/p>\n<p>&nbsp;<\/p>\n<p><strong>DERRI\u00c8RE LA PAGE, IL Y A UN SITE<\/strong><\/p>\n<ul>\n<li>Ma m\u00e9thode du Cocon S\u00e9mantique expliqu\u00e9e en 2h top chrono<\/li>\n<li>Le syst\u00e8me simple pour tirer le potentiel maximum de ton site Web<\/li>\n<li>Les types d\u2019architecture \u00e0 \u00e9viter absolument<\/li>\n<\/ul>\n<p><strong>Jour 2 :<\/strong><br \/>\n<strong>STRAT\u00c9GIE SEO \u2013 Y VOIR PLUS CLAIR DANS LES TENANTS &amp; ABOUTISSANTS DE LA PROMOTION D\u2019UN SITE WEB<\/strong><\/p>\n<p><em>Comment ne plus stresser des p\u00e9nalit\u00e9s Google et de la concurrence.<\/em><\/p>\n<ul>\n<li>Appliquer sereinement une strat\u00e9gie globale de visibilit\u00e9.<\/li>\n<li>Comment jauger l\u2019environnement (concurrence, granulit\u00e9 de la requ\u00eate, etc.) et savoir rapidement quelle est la meilleure approche de domination d\u2019un mot clef.<\/li>\n<li>Les autres vecteurs \u00e0 consid\u00e9rer que le r\u00e9f\u00e9rencement naturel.<\/li>\n<\/ul>\n<p><em>Maintenant que vous ma\u00eetrisez votre strat\u00e9gie SEO, vous allez pouvoir vous attaquer au netlinking.<\/em><\/p>\n<p>&nbsp;<\/p>\n<p><strong>LES ENJEUX DU NETLINKING<\/strong><\/p>\n<p><em>Mis \u00e0 part l\u2019achat de liens, comment peut-on construire un profil de liens puissant?<\/em><\/p>\n<ul>\n<li>Pourquoi cr\u00e9er du contenu de qualit\u00e9 ne suffit pas pour attirer les liens et le syst\u00e8me de travail simple \u00e0 utiliser pour faire augmenter la popularit\u00e9 de votre site<\/li>\n<li>Les recommandations \u00e0 suivre absolument pour ne plus jamais risquer une p\u00e9nalit\u00e9 Google<\/li>\n<li>Les 5 facteurs cl\u00e9s pour varier votre \u00e9cosyst\u00e8me, et d\u00e9multiplier sa force de frappe<\/li>\n<li>Comment acqu\u00e9rir l\u2019instinct du chasseur de backlink, et savoir glisser un maximum de liens de qualit\u00e9 pour rendre votre site plus puissant<\/li>\n<li>Les 4 probl\u00e8mes majeurs du netlinking, et comment les r\u00e9soudre en un instant<\/li>\n<li>Que reste t-il du Black Hat SEO?<\/li>\n<\/ul>\n<p><em>Vous avez maintenant \u00e0 disposition toutes les armes pour r\u00e9ussir votre r\u00e9f\u00e9rencement web.<\/em><\/p>\n<p><em>Sauf que, vous pouvez aller encore plus loin.<\/em><\/p>\n<p>&nbsp;<\/p>\n<p><strong>COMMENT PASSER DU PADAWAN AU JEDI SEO<\/strong><\/p>\n<p><em>Apr\u00e8s avoir men\u00e9 les actions SEO, il faut s\u2019attacher \u00e0 travailler tout ce qu\u2019il faut autour du SEO pour que le SEO fonctionne et plus encore (autorit\u00e9, notori\u00e9t\u00e9, etc.)<\/em><\/p>\n<ul>\n<li>La seule strat\u00e9gie valable pour aborder les r\u00e9seaux sociaux avec un maximum de retour.<\/li>\n<li>Les 4 leviers \u00e0 conna\u00eetre pour devenir influent sur n\u2019importe quel r\u00e9seau social.<\/li>\n<li>Apprendre \u00e0 fabrique de la mati\u00e8re sociale, profil\u00e9e pour se r\u00e9pandre comme une tra\u00een\u00e9e de poudre dans le Web 2.0.<\/li>\n<li>Travailler son branding, la reconnaissance de marque, l\u2019autorit\u00e9 et la notori\u00e9t\u00e9.<\/li>\n<\/ul>\n<p><strong>Vous \u00eates maintenant au niveau sup\u00e9rieur.<\/strong><\/p>\n<p>&nbsp;<\/p>\n<hr \/>\n<p>&nbsp;<\/p>\n<p>Ces six vid\u00e9os en totale immersion SEO ne se r\u00e9sument pas \u00e0 d\u00e9rouler des slides.<\/p>\n<p>Je vous montre comment je travaille, quels outils j\u2019utilise, mes hacks de productivit\u00e9, etc.<br \/>\nVous allez voir comment je travaille tous les jours pour positionner des sites et ce que j\u2019explique \u00e0 mes clients.<\/p>\n<p><strong>C\u2019est promis : je dis tout, je ne retiens rien.<\/strong><\/p>\n<p>Comme en t\u00e9moigne le programme, nous allons largement d\u00e9passer le cadre de l\u2019objectif simpliste du top ranking sur un mot clef Google.<\/p>\n<p>La premi\u00e8re partie d\u00e9roule ma vision de l\u2019optimisation \u00ab on page \u00bb et \u00ab on site \u00bb et la seconde est consacr\u00e9e \u00e0 tous les \u00e9l\u00e9ments \u00ab off site \u00bb<\/p>\n","protected":false},"excerpt":{"rendered":"<p>Vous aussi, vous pouvez \u00eatre 1er sur Google pour vos mots cl\u00e9s, ce n\u2019est pas r\u00e9serv\u00e9 aux experts SEO.<\/p>\n<p>5 vid\u00e9os + une vid\u00e9o bonus avec un invit\u00e9 sp\u00e9cial pour vous propulser en t\u00eate des r\u00e9sultats de recherche.<\/p>\n","protected":false},"featured_media":57682,"template":"","meta":{"site-sidebar-layout":"default","site-content-layout":"default","ast-site-content-layout":"default","site-content-style":"default","site-sidebar-style":"default","ast-global-header-display":"","ast-banner-title-visibility":"","ast-main-header-display":"","ast-hfb-above-header-display":"","ast-hfb-below-header-display":"","ast-hfb-mobile-header-display":"","site-post-title":"","ast-breadcrumbs-content":"","ast-featured-img":"","footer-sml-layout":"","ast-disable-related-posts":"","theme-transparent-header-meta":"default","adv-header-id-meta":"","stick-header-meta":"","header-above-stick-meta":"","header-main-stick-meta":"","header-below-stick-meta":"","astra-migrate-meta-layouts":"set","ast-page-background-enabled":"default","ast-page-background-meta":{"desktop":{"background-color":"var(--ast-global-color-4)","background-image":"","background-repeat":"repeat","background-position":"center center","background-size":"auto","background-attachment":"scroll","background-type":"","background-media":"","overlay-type":"","overlay-color":"","overlay-opacity":"","overlay-gradient":""},"tablet":{"background-color":"","background-image":"","background-repeat":"repeat","background-position":"center center","background-size":"auto","background-attachment":"scroll","background-type":"","background-media":"","overlay-type":"","overlay-color":"","overlay-opacity":"","overlay-gradient":""},"mobile":{"background-color":"","background-image":"","background-repeat":"repeat","background-position":"center center","background-size":"auto","background-attachment":"scroll","background-type":"","background-media":"","overlay-type":"","overlay-color":"","overlay-opacity":"","overlay-gradient":""}},"ast-content-background-meta":{"desktop":{"background-color":"var(--ast-global-color-5)","background-image":"","background-repeat":"repeat","background-position":"center center","background-size":"auto","background-attachment":"scroll","background-type":"","background-media":"","overlay-type":"","overlay-color":"","overlay-opacity":"","overlay-gradient":""},"tablet":{"background-color":"var(--ast-global-color-5)","background-image":"","background-repeat":"repeat","background-position":"center center","background-size":"auto","background-attachment":"scroll","background-type":"","background-media":"","overlay-type":"","overlay-color":"","overlay-opacity":"","overlay-gradient":""},"mobile":{"background-color":"var(--ast-global-color-5)","background-image":"","background-repeat":"repeat","background-position":"center center","background-size":"auto","background-attachment":"scroll","background-type":"","background-media":"","overlay-type":"","overlay-color":"","overlay-opacity":"","overlay-gradient":""}}},"product_brand":[],"product_cat":[565],"product_tag":[],"class_list":{"0":"post-55690","1":"product","2":"type-product","3":"status-publish","4":"has-post-thumbnail","6":"product_cat-seo","7":"desktop-align-left","8":"tablet-align-left","9":"mobile-align-left","11":"first","12":"outofstock","13":"sale","14":"downloadable","15":"virtual","16":"purchasable","17":"product-type-simple"},"_links":{"self":[{"href":"https:\/\/www.laurentbourrelly.com\/blog\/wp-json\/wp\/v2\/product\/55690","targetHints":{"allow":["GET"]}}],"collection":[{"href":"https:\/\/www.laurentbourrelly.com\/blog\/wp-json\/wp\/v2\/product"}],"about":[{"href":"https:\/\/www.laurentbourrelly.com\/blog\/wp-json\/wp\/v2\/types\/product"}],"wp:featuredmedia":[{"embeddable":true,"href":"https:\/\/www.laurentbourrelly.com\/blog\/wp-json\/wp\/v2\/media\/57682"}],"wp:attachment":[{"href":"https:\/\/www.laurentbourrelly.com\/blog\/wp-json\/wp\/v2\/media?parent=55690"}],"wp:term":[{"taxonomy":"product_brand","embeddable":true,"href":"https:\/\/www.laurentbourrelly.com\/blog\/wp-json\/wp\/v2\/product_brand?post=55690"},{"taxonomy":"product_cat","embeddable":true,"href":"https:\/\/www.laurentbourrelly.com\/blog\/wp-json\/wp\/v2\/product_cat?post=55690"},{"taxonomy":"product_tag","embeddable":true,"href":"https:\/\/www.laurentbourrelly.com\/blog\/wp-json\/wp\/v2\/product_tag?post=55690"}],"curies":[{"name":"wp","href":"https:\/\/api.w.org\/{rel}","templated":true}]}}