{"id":55642,"date":"2022-11-22T16:38:15","date_gmt":"2022-11-22T15:38:15","guid":{"rendered":"https:\/\/www.laurentbourrelly.com\/blog\/?page_id=55642"},"modified":"2024-04-12T11:26:27","modified_gmt":"2024-04-12T09:26:27","slug":"termes-conditions","status":"publish","type":"page","link":"https:\/\/www.laurentbourrelly.com\/blog\/termes-conditions","title":{"rendered":"Termes &#038; conditions"},"content":{"rendered":"\n<p><strong>Acceptation des conditions<\/strong><\/p>\n\n\n\n<p>Avant toute souscription, vous devez avoir lu et approuv\u00e9 les termes et conditions ci-dessous.<\/p>\n\n\n\n<p><strong>Propri\u00e9t\u00e9 intellectuelle<\/strong><\/p>\n\n\n\n<p>Les produits sont la propri\u00e9t\u00e9 exclusive de Laurent Bourrelly et ne peuvent en aucun cas \u00eatre reproduits, vendus, partag\u00e9s ou c\u00e9d\u00e9s \u00e0 des tiers sans l&rsquo;accord \u00e9crit de Laurent Bourrelly.<\/p>\n\n\n\n<p><strong>Disponibilit\u00e9 des produits et livraison<\/strong><\/p>\n\n\n\n<p>D\u00e8s lors que vous aurez souscrit \u00e0 votre abonnement, vous recevrez un email&nbsp;confirmant votre commande et contenant&nbsp;vos identifiants de connexion.<\/p>\n\n\n\n<p>Si, en raison d&rsquo;une faute de frappe, vous avez indiqu\u00e9 une adresse email non valide, veuillez me contacter:&nbsp;<a href=\"mailto:support@laurentbourrelly.com\">support@laurentbourrelly.com<\/a><\/p>\n\n\n\n<p>Si vous ne recevez pas de confirmation de votre commande, veuillez me contacter:&nbsp;<a href=\"mailto:support@laurentbourrelly.com\">support@laurentbourrelly.com<\/a><\/p>\n\n\n\n<p><strong>Responsabilit\u00e9 l\u00e9gale<\/strong><\/p>\n\n\n\n<p>L&rsquo;ensemble des informations accessibles sont fournies en l&rsquo;\u00e9tat.<\/p>\n\n\n\n<p>Laurent Bourrelly ne donne aucune garantie, explicite ou implicite, et n&rsquo;assume aucune responsabilit\u00e9 relative \u00e0 l&rsquo;utilisation de ces informations.<\/p>\n\n\n\n<p>Laurent Bourrelly se r\u00e9serve le droit de modifier \u00e0 tout moment les pr\u00e9sentes conditions d&rsquo;utilisation, notamment en actualisant ce site.<br>Laurent Bourrelly ne pourra \u00eatre responsable pour quelque dommage que ce soit tant direct qu&rsquo;indirect, r\u00e9sultant d&rsquo;une information contenue sur ce site.<\/p>\n\n\n\n<p>Laurent Bourrelly ne peut \u00eatre tenu responsable des probl\u00e8mes li\u00e9s \u00e0 la bonne consultation de ce site ainsi que les d\u00e9g\u00e2ts caus\u00e9s par virus, hacking, piratage ou toute utilisation malveillante du r\u00e9seau Internet.<\/p>\n\n\n\n<p><strong>Retour et\/ou remboursement des produits<\/strong><\/p>\n\n\n\n<p>Les produits t\u00e9l\u00e9chargeables ne pourront \u00eatre rembours\u00e9s.<\/p>\n\n\n\n<p>L&rsquo;article L121-20-2 du Code de la Consommation pr\u00e9cise que le d\u00e9lai de r\u00e9tractation l\u00e9gal de 7 jours ne peut pas \u00eatre appliqu\u00e9 \u00e0 la \u00ab\u00a0fourniture d&rsquo;enregistrements audio ou vid\u00e9o, ni de logiciels informatiques d\u00e8s lors qu&rsquo;ils ont \u00e9t\u00e9 descell\u00e9s, visionn\u00e9s ou t\u00e9l\u00e9charg\u00e9s par le consommateur\u00a0\u00bb.<\/p>\n\n\n\n<p><strong>Contact<\/strong><\/p>\n\n\n\n<p>Pour toute demande, question, information, veuillez m&rsquo;envoyer un email:&nbsp;<a href=\"mailto:support@laurentbourrelly.com\">support@laurentbourrelly.com<\/a><\/p>\n\n\n\n<p><em><em>Derni\u00e8re mise \u00e0 jour : 7 avril 2024<\/em><\/em><\/p>\n","protected":false},"excerpt":{"rendered":"<p>Acceptation des conditions Avant toute souscription, vous devez avoir lu et approuv\u00e9 les termes et conditions ci-dessous. Propri\u00e9t\u00e9 intellectuelle Les produits sont la propri\u00e9t\u00e9 exclusive de Laurent Bourrelly et ne peuvent en aucun cas \u00eatre reproduits, vendus, partag\u00e9s ou c\u00e9d\u00e9s \u00e0 des tiers sans l&rsquo;accord \u00e9crit de Laurent Bourrelly. Disponibilit\u00e9 des produits et livraison D\u00e8s [&hellip;]<\/p>\n","protected":false},"author":1,"featured_media":0,"parent":0,"menu_order":0,"comment_status":"closed","ping_status":"closed","template":"","meta":{"site-sidebar-layout":"default","site-content-layout":"","ast-site-content-layout":"default","site-content-style":"default","site-sidebar-style":"default","ast-global-header-display":"","ast-banner-title-visibility":"","ast-main-header-display":"","ast-hfb-above-header-display":"","ast-hfb-below-header-display":"","ast-hfb-mobile-header-display":"","site-post-title":"","ast-breadcrumbs-content":"","ast-featured-img":"","footer-sml-layout":"","ast-disable-related-posts":"","theme-transparent-header-meta":"","adv-header-id-meta":"","stick-header-meta":"","header-above-stick-meta":"","header-main-stick-meta":"","header-below-stick-meta":"","astra-migrate-meta-layouts":"default","ast-page-background-enabled":"default","ast-page-background-meta":{"desktop":{"background-color":"var(--ast-global-color-4)","background-image":"","background-repeat":"repeat","background-position":"center center","background-size":"auto","background-attachment":"scroll","background-type":"","background-media":"","overlay-type":"","overlay-color":"","overlay-opacity":"","overlay-gradient":""},"tablet":{"background-color":"","background-image":"","background-repeat":"repeat","background-position":"center center","background-size":"auto","background-attachment":"scroll","background-type":"","background-media":"","overlay-type":"","overlay-color":"","overlay-opacity":"","overlay-gradient":""},"mobile":{"background-color":"","background-image":"","background-repeat":"repeat","background-position":"center center","background-size":"auto","background-attachment":"scroll","background-type":"","background-media":"","overlay-type":"","overlay-color":"","overlay-opacity":"","overlay-gradient":""}},"ast-content-background-meta":{"desktop":{"background-color":"var(--ast-global-color-5)","background-image":"","background-repeat":"repeat","background-position":"center center","background-size":"auto","background-attachment":"scroll","background-type":"","background-media":"","overlay-type":"","overlay-color":"","overlay-opacity":"","overlay-gradient":""},"tablet":{"background-color":"var(--ast-global-color-5)","background-image":"","background-repeat":"repeat","background-position":"center center","background-size":"auto","background-attachment":"scroll","background-type":"","background-media":"","overlay-type":"","overlay-color":"","overlay-opacity":"","overlay-gradient":""},"mobile":{"background-color":"var(--ast-global-color-5)","background-image":"","background-repeat":"repeat","background-position":"center center","background-size":"auto","background-attachment":"scroll","background-type":"","background-media":"","overlay-type":"","overlay-color":"","overlay-opacity":"","overlay-gradient":""}},"footnotes":""},"class_list":["post-55642","page","type-page","status-publish","hentry"],"_links":{"self":[{"href":"https:\/\/www.laurentbourrelly.com\/blog\/wp-json\/wp\/v2\/pages\/55642","targetHints":{"allow":["GET"]}}],"collection":[{"href":"https:\/\/www.laurentbourrelly.com\/blog\/wp-json\/wp\/v2\/pages"}],"about":[{"href":"https:\/\/www.laurentbourrelly.com\/blog\/wp-json\/wp\/v2\/types\/page"}],"author":[{"embeddable":true,"href":"https:\/\/www.laurentbourrelly.com\/blog\/wp-json\/wp\/v2\/users\/1"}],"replies":[{"embeddable":true,"href":"https:\/\/www.laurentbourrelly.com\/blog\/wp-json\/wp\/v2\/comments?post=55642"}],"version-history":[{"count":4,"href":"https:\/\/www.laurentbourrelly.com\/blog\/wp-json\/wp\/v2\/pages\/55642\/revisions"}],"predecessor-version":[{"id":57653,"href":"https:\/\/www.laurentbourrelly.com\/blog\/wp-json\/wp\/v2\/pages\/55642\/revisions\/57653"}],"wp:attachment":[{"href":"https:\/\/www.laurentbourrelly.com\/blog\/wp-json\/wp\/v2\/media?parent=55642"}],"curies":[{"name":"wp","href":"https:\/\/api.w.org\/{rel}","templated":true}]}}