{"id":55638,"date":"2022-11-22T16:32:03","date_gmt":"2022-11-22T15:32:03","guid":{"rendered":"https:\/\/www.laurentbourrelly.com\/blog\/?page_id=55638"},"modified":"2022-11-22T16:32:04","modified_gmt":"2022-11-22T15:32:04","slug":"politique-de-confidentialite","status":"publish","type":"page","link":"https:\/\/www.laurentbourrelly.com\/blog\/politique-de-confidentialite","title":{"rendered":"Politique de confidentialit\u00e9"},"content":{"rendered":"\n<p><strong>Quelles informations sont collect\u00e9es ?<\/strong><\/p>\n\n\n\n<ul class=\"wp-block-list\"><li>Nom<\/li><li>Pr\u00e9nom<\/li><li><span style=\"color: var(--ast-global-color-3); font-family: -apple-system, BlinkMacSystemFont, &quot;Segoe UI&quot;, Roboto, Oxygen-Sans, Ubuntu, Cantarell, &quot;Helvetica Neue&quot;, sans-serif; font-size: 1rem; font-weight: inherit; background-color: var(--ast-global-color-5);\">Adresse \u00e9lectronique<\/span><\/li><li>Num\u00e9ro de t\u00e9l\u00e9phone<\/li><\/ul>\n\n\n\n<p>Les renseignements personnels que nous collectons sont recueillis au travers de formulaires et gr\u00e2ce \u00e0 l&rsquo;interactivit\u00e9 \u00e9tablie entre vous et notre site Web.<\/p>\n\n\n\n<p><br><br><strong>Droit d&rsquo;acc\u00e8s, de modification et de suppression des donn\u00e9es<\/strong><\/p>\n\n\n\n<p>Vous avez un plein&nbsp;droit d&rsquo;acc\u00e8s, de modification et de suppression&nbsp;quant \u00e0 vos donn\u00e9es&nbsp;personnelles.<\/p>\n\n\n\n<p>Afin d&rsquo;exercer ce droit, envoyez moi un email:\u00a0<a href=\"mailto:support@laurentbourrelly.com\">support@laurentbourrelly.com.<\/a><\/p>\n\n\n\n<p><br><br><strong>S\u00e9curit\u00e9 de vos donn\u00e9es<\/strong><\/p>\n\n\n\n<p>Les donn\u00e9es&nbsp;personnelles collect\u00e9es sont conserv\u00e9s dans un environnement s\u00e9curis\u00e9 et ne sont en aucun cas vendues, c\u00e9d\u00e9es ou partag\u00e9es \u00e0 des tiers.<\/p>\n","protected":false},"excerpt":{"rendered":"<p>Quelles informations sont collect\u00e9es ? Nom Pr\u00e9nom Adresse \u00e9lectronique Num\u00e9ro de t\u00e9l\u00e9phone Les renseignements personnels que nous collectons sont recueillis au travers de formulaires et gr\u00e2ce \u00e0 l&rsquo;interactivit\u00e9 \u00e9tablie entre vous et notre site Web. Droit d&rsquo;acc\u00e8s, de modification et de suppression des donn\u00e9es Vous avez un plein&nbsp;droit d&rsquo;acc\u00e8s, de modification et de suppression&nbsp;quant \u00e0 [&hellip;]<\/p>\n","protected":false},"author":1,"featured_media":0,"parent":0,"menu_order":0,"comment_status":"closed","ping_status":"closed","template":"","meta":{"site-sidebar-layout":"default","site-content-layout":"","ast-site-content-layout":"default","site-content-style":"default","site-sidebar-style":"default","ast-global-header-display":"","ast-banner-title-visibility":"","ast-main-header-display":"","ast-hfb-above-header-display":"","ast-hfb-below-header-display":"","ast-hfb-mobile-header-display":"","site-post-title":"","ast-breadcrumbs-content":"","ast-featured-img":"","footer-sml-layout":"","ast-disable-related-posts":"","theme-transparent-header-meta":"","adv-header-id-meta":"","stick-header-meta":"","header-above-stick-meta":"","header-main-stick-meta":"","header-below-stick-meta":"","astra-migrate-meta-layouts":"default","ast-page-background-enabled":"default","ast-page-background-meta":{"desktop":{"background-color":"var(--ast-global-color-4)","background-image":"","background-repeat":"repeat","background-position":"center center","background-size":"auto","background-attachment":"scroll","background-type":"","background-media":"","overlay-type":"","overlay-color":"","overlay-opacity":"","overlay-gradient":""},"tablet":{"background-color":"","background-image":"","background-repeat":"repeat","background-position":"center center","background-size":"auto","background-attachment":"scroll","background-type":"","background-media":"","overlay-type":"","overlay-color":"","overlay-opacity":"","overlay-gradient":""},"mobile":{"background-color":"","background-image":"","background-repeat":"repeat","background-position":"center center","background-size":"auto","background-attachment":"scroll","background-type":"","background-media":"","overlay-type":"","overlay-color":"","overlay-opacity":"","overlay-gradient":""}},"ast-content-background-meta":{"desktop":{"background-color":"var(--ast-global-color-5)","background-image":"","background-repeat":"repeat","background-position":"center center","background-size":"auto","background-attachment":"scroll","background-type":"","background-media":"","overlay-type":"","overlay-color":"","overlay-opacity":"","overlay-gradient":""},"tablet":{"background-color":"var(--ast-global-color-5)","background-image":"","background-repeat":"repeat","background-position":"center center","background-size":"auto","background-attachment":"scroll","background-type":"","background-media":"","overlay-type":"","overlay-color":"","overlay-opacity":"","overlay-gradient":""},"mobile":{"background-color":"var(--ast-global-color-5)","background-image":"","background-repeat":"repeat","background-position":"center center","background-size":"auto","background-attachment":"scroll","background-type":"","background-media":"","overlay-type":"","overlay-color":"","overlay-opacity":"","overlay-gradient":""}},"footnotes":""},"class_list":["post-55638","page","type-page","status-publish","hentry"],"_links":{"self":[{"href":"https:\/\/www.laurentbourrelly.com\/blog\/wp-json\/wp\/v2\/pages\/55638","targetHints":{"allow":["GET"]}}],"collection":[{"href":"https:\/\/www.laurentbourrelly.com\/blog\/wp-json\/wp\/v2\/pages"}],"about":[{"href":"https:\/\/www.laurentbourrelly.com\/blog\/wp-json\/wp\/v2\/types\/page"}],"author":[{"embeddable":true,"href":"https:\/\/www.laurentbourrelly.com\/blog\/wp-json\/wp\/v2\/users\/1"}],"replies":[{"embeddable":true,"href":"https:\/\/www.laurentbourrelly.com\/blog\/wp-json\/wp\/v2\/comments?post=55638"}],"version-history":[{"count":1,"href":"https:\/\/www.laurentbourrelly.com\/blog\/wp-json\/wp\/v2\/pages\/55638\/revisions"}],"predecessor-version":[{"id":55639,"href":"https:\/\/www.laurentbourrelly.com\/blog\/wp-json\/wp\/v2\/pages\/55638\/revisions\/55639"}],"wp:attachment":[{"href":"https:\/\/www.laurentbourrelly.com\/blog\/wp-json\/wp\/v2\/media?parent=55638"}],"curies":[{"name":"wp","href":"https:\/\/api.w.org\/{rel}","templated":true}]}}