{"id":55635,"date":"2022-11-22T16:30:36","date_gmt":"2022-11-22T15:30:36","guid":{"rendered":"https:\/\/www.laurentbourrelly.com\/blog\/?page_id=55635"},"modified":"2022-11-22T16:30:37","modified_gmt":"2022-11-22T15:30:37","slug":"faq","status":"publish","type":"page","link":"https:\/\/www.laurentbourrelly.com\/blog\/faq","title":{"rendered":"FAQ"},"content":{"rendered":"\n<p>Si votre question ne trouve pas sa r\u00e9ponse ci-dessous, n&rsquo;h\u00e9sitez pas \u00e0 m&rsquo;envoyer un email:\u00a0support@laurentbourrelly.com.<br>\u00a0<br><strong>1. J&rsquo;ai perdu mon mot de passe, que faire ?<\/strong><br>En vous rendant sur l&rsquo;espace de connexion, vous trouverez un lien \u00ab\u00a0Mot de passe oubli\u00e9\u00a0\u00bb. En cliquant sur ce lien et suivant la proc\u00e9dure, vous pourrez r\u00e9initialiser votre mot de passe.<br>Si cette m\u00e9thode\u00a0ne fonctionne pas, envoyez-moi un email et je\u00a0vous ferai\u00a0parvenir vos identifiants de connexion.<br>\u00a0<br><strong>2. Puis-je t\u00e9l\u00e9charger les vid\u00e9os ou sont-elles seulement accessibles en ligne?<\/strong><br>Les vid\u00e9os sont t\u00e9l\u00e9chargeables et\/ou visionnables en ligne.<br>\u00a0<br><strong>3. Puis-je revendre ou distribuer les fichiers t\u00e9l\u00e9charg\u00e9s ?<\/strong><br>Non. Ces fichiers sont \u00e0 destination d&rsquo;une seule et unique personne ou entreprise. En aucun cas elles ne peuvent \u00eatre partag\u00e9es, revendues ou offertes sans l&rsquo;accord \u00e9crit de Laurent Bourrelly.<br>\u00a0<br><strong>4. Combien de temps les vid\u00e9os sont-elles accessibles ?<\/strong><br>Chaque \u00e9pisode est accessible pendant un mois. Afin de les conserver, vous devez les t\u00e9l\u00e9charger gr\u00e2ce au lien fourni \u00e0 chaque fois qu&rsquo;une nouvelle vid\u00e9o est mise en ligne. Les vid\u00e9os sont h\u00e9berg\u00e9es sur Amazon AWS et les liens resteront toujours actifs. Cependant, il est important de les t\u00e9l\u00e9charger en local, en cas de probl\u00e8mes chez l&rsquo;h\u00e9bergeur.<br>\u00a0<br><strong>5. Les vid\u00e9os fonctionnent-elles sur smartphone et tablette ?<\/strong><br>Oui. Vous pourrez visionner toutes vos vid\u00e9os sur votre smartphone ou votre tablette.<br>\u00a0<br><strong>6. Si j&rsquo;arr\u00eate mon abonnement, pourrai-je toujours consulter le contenu acquis ?<\/strong><br>La plateforme en ligne ne sera plus accessible, mais vous aurez toujours acc\u00e8s au contenu que vous avez t\u00e9l\u00e9charg\u00e9 sur votre ordinateur et le fichier r\u00e9capitulatif des liens de tous les cours publi\u00e9s durant la p\u00e9riode de votre abonnement est \u00e0 votre disposition en me contactant.<br>\u00a0<br><strong>7. Je ne souhaite pas r\u00e9gler par Paypal, que faire ?<\/strong><br>Si vous n&rsquo;avez pas de compte Paypal ou ne souhaitez pas l&rsquo;utiliser, vous pourrez r\u00e9gler votre achat par carte bancaire via un formulaire pr\u00e9sent sur la page de paiement Paypal. Vous pouvez \u00e9galement m&rsquo;envoyer un\u00a0email\u00a0afin que nous d\u00e9finissions\u00a0ensemble le moyen de paiement le mieux adapt\u00e9 pour vous.<br>\u00a0<br><strong>8. Je n&rsquo;arrive pas \u00e0 r\u00e9gler mes achats via Paypal, que faire ?<\/strong><br>V\u00e9rifiez que vos identifiants soient entr\u00e9s correctement\u00a0(touche majuscule activ\u00e9e\u00a0par exemple)\u00a0et r\u00e9essayez.<br>Si vous n&rsquo;arrivez toujours pas \u00e0 vous connecter, il est pr\u00e9f\u00e9rable de\u00a0contacter le service client Paypal :<\/p>\n\n\n\n<ul class=\"wp-block-list\"><li><a href=\"https:\/\/www.paypal.com\/fr\/webapps\/helpcenter\/helphub\/topic\/?topicID=LOGIN_PASSWORD&amp;parentID=PAYPAL_BASICS&amp;m=BT\">Oubli\/Perte du mot de passe<\/a>;<\/li><li><a href=\"https:\/\/www.paypal.com\/fr\/webapps\/helpcenter\/helphub\/article\/?solutionId=FAQ1758&amp;topicID=ACCOUNT_LIMITATIONS&amp;m=TCI\">Compte restreint<\/a><\/li><\/ul>\n\n\n\n<p>&nbsp;<br><strong>9.&nbsp;J&rsquo;ai r\u00e9gl\u00e9 mes achats mais n&rsquo;ai pas re\u00e7u de mail de confirmation ?<\/strong><br>Si vous avez souscrit \u00e0 un abonnement payant, vous devez recevoir un email de confirmation de commande avec vos identifiants pour acc\u00e9der au contenu de la formation. Si ce message n&rsquo;est pas arriv\u00e9, veuillez me contacter.<br>&nbsp;<br><strong>10. Je souhaite r\u00e9silier&nbsp;mon abonnement, comment faire ?<\/strong><br>Pour r\u00e9silier&nbsp;votre abonnement, vous pouvez:<\/p>\n\n\n\n<p><strong>A.<\/strong>&nbsp;Envoyer un&nbsp;email&nbsp;afin que je&nbsp;supprime votre abonnement.<\/p>\n\n\n\n<p><strong>B.<\/strong>&nbsp;Si vous avez r\u00e9gl\u00e9 votre abonnement via Paypal, connectez-vous \u00e0 votre compte et suivez cette proc\u00e9dure :<\/p>\n\n\n\n<ul class=\"wp-block-list\"><li>Pr\u00e9f\u00e9rences (la molette en haut \u00e0 droite, \u00e0 c\u00f4t\u00e9 du bouton pour vous d\u00e9connecter),<\/li><li>Mon argent,<\/li><li>Mes paiements pr\u00e9approuv\u00e9s,<\/li><li>Choisissez \u00ab\u00a0Laurent Bourrelly SLU\u00a0\u00bb,<\/li><li>Et&nbsp;en haut, juste sous votre \u00ab\u00a0n\u00b0 d&rsquo;identifiant du profil\u00a0\u00bb, vous trouverez un bouton \u00ab\u00a0annuler\u00a0\u00bb.&nbsp;<\/li><\/ul>\n\n\n\n<p>Une fois votre abonnement effectivement annul\u00e9, vous recevrez une confirmation de Paypal par eMail et nous en serons \u00e9galement inform\u00e9s.<br>A partir du moment o\u00f9 vous aurez annul\u00e9 votre abonnement, vous conserverez vos acc\u00e8s pour le mois en cours.<br>&nbsp;<br><strong>11. Je souhaite obtenir le remboursement de mon abonnement<\/strong><br>Conform\u00e9ment aux conditions de vente qui doivent avoir \u00e9t\u00e9 lues et approuv\u00e9es avant la souscription de votre abonnement,&nbsp;<strong>aucun remboursement ne pourra \u00eatre effectu\u00e9<\/strong>.&nbsp;L&rsquo;article L121-20-2 du Code de la Consommation pr\u00e9cise que le d\u00e9lai de r\u00e9tractation l\u00e9gal de 7 jours&nbsp;<strong>ne peut pas \u00eatre appliqu\u00e9<\/strong>&nbsp;\u00e0 la \u00ab\u00a0fourniture d&rsquo;enregistrements audio ou vid\u00e9o, ni de logiciels informatiques d\u00e8s lors qu&rsquo;ils ont \u00e9t\u00e9 descell\u00e9s, visionn\u00e9s ou t\u00e9l\u00e9charg\u00e9s par le consommateur\u00a0\u00bb.<br>&nbsp;<br><strong>12. J&rsquo;ai besoin d&rsquo;une facture<\/strong><br>Afin de recevoir votre facture,&nbsp;veuillez me contacter. La facture vous parviendra dans les plus brefs d\u00e9lais.<br>&nbsp;<br><strong>13. Je souhaite proposer un partenariat<\/strong><br>Dans le cas o\u00f9 vous souhaitez&nbsp;me proposer un partenariat, vous pouvez m&rsquo;envoyer une&nbsp;demande motiv\u00e9e.<br>&nbsp;<br>Pour toute question compl\u00e9mentaire, envoyez-moi un&nbsp;email.<\/p>\n","protected":false},"excerpt":{"rendered":"<p>Si votre question ne trouve pas sa r\u00e9ponse ci-dessous, n&rsquo;h\u00e9sitez pas \u00e0 m&rsquo;envoyer un email:\u00a0support@laurentbourrelly.com.\u00a01. J&rsquo;ai perdu mon mot de passe, que faire ?En vous rendant sur l&rsquo;espace de connexion, vous trouverez un lien \u00ab\u00a0Mot de passe oubli\u00e9\u00a0\u00bb. En cliquant sur ce lien et suivant la proc\u00e9dure, vous pourrez r\u00e9initialiser votre mot de passe.Si cette [&hellip;]<\/p>\n","protected":false},"author":1,"featured_media":0,"parent":0,"menu_order":0,"comment_status":"closed","ping_status":"closed","template":"","meta":{"site-sidebar-layout":"default","site-content-layout":"","ast-site-content-layout":"default","site-content-style":"default","site-sidebar-style":"default","ast-global-header-display":"","ast-banner-title-visibility":"","ast-main-header-display":"","ast-hfb-above-header-display":"","ast-hfb-below-header-display":"","ast-hfb-mobile-header-display":"","site-post-title":"","ast-breadcrumbs-content":"","ast-featured-img":"","footer-sml-layout":"","ast-disable-related-posts":"","theme-transparent-header-meta":"","adv-header-id-meta":"","stick-header-meta":"","header-above-stick-meta":"","header-main-stick-meta":"","header-below-stick-meta":"","astra-migrate-meta-layouts":"default","ast-page-background-enabled":"default","ast-page-background-meta":{"desktop":{"background-color":"var(--ast-global-color-4)","background-image":"","background-repeat":"repeat","background-position":"center center","background-size":"auto","background-attachment":"scroll","background-type":"","background-media":"","overlay-type":"","overlay-color":"","overlay-opacity":"","overlay-gradient":""},"tablet":{"background-color":"","background-image":"","background-repeat":"repeat","background-position":"center center","background-size":"auto","background-attachment":"scroll","background-type":"","background-media":"","overlay-type":"","overlay-color":"","overlay-opacity":"","overlay-gradient":""},"mobile":{"background-color":"","background-image":"","background-repeat":"repeat","background-position":"center center","background-size":"auto","background-attachment":"scroll","background-type":"","background-media":"","overlay-type":"","overlay-color":"","overlay-opacity":"","overlay-gradient":""}},"ast-content-background-meta":{"desktop":{"background-color":"var(--ast-global-color-5)","background-image":"","background-repeat":"repeat","background-position":"center center","background-size":"auto","background-attachment":"scroll","background-type":"","background-media":"","overlay-type":"","overlay-color":"","overlay-opacity":"","overlay-gradient":""},"tablet":{"background-color":"var(--ast-global-color-5)","background-image":"","background-repeat":"repeat","background-position":"center center","background-size":"auto","background-attachment":"scroll","background-type":"","background-media":"","overlay-type":"","overlay-color":"","overlay-opacity":"","overlay-gradient":""},"mobile":{"background-color":"var(--ast-global-color-5)","background-image":"","background-repeat":"repeat","background-position":"center center","background-size":"auto","background-attachment":"scroll","background-type":"","background-media":"","overlay-type":"","overlay-color":"","overlay-opacity":"","overlay-gradient":""}},"footnotes":""},"class_list":["post-55635","page","type-page","status-publish","hentry"],"_links":{"self":[{"href":"https:\/\/www.laurentbourrelly.com\/blog\/wp-json\/wp\/v2\/pages\/55635","targetHints":{"allow":["GET"]}}],"collection":[{"href":"https:\/\/www.laurentbourrelly.com\/blog\/wp-json\/wp\/v2\/pages"}],"about":[{"href":"https:\/\/www.laurentbourrelly.com\/blog\/wp-json\/wp\/v2\/types\/page"}],"author":[{"embeddable":true,"href":"https:\/\/www.laurentbourrelly.com\/blog\/wp-json\/wp\/v2\/users\/1"}],"replies":[{"embeddable":true,"href":"https:\/\/www.laurentbourrelly.com\/blog\/wp-json\/wp\/v2\/comments?post=55635"}],"version-history":[{"count":1,"href":"https:\/\/www.laurentbourrelly.com\/blog\/wp-json\/wp\/v2\/pages\/55635\/revisions"}],"predecessor-version":[{"id":55636,"href":"https:\/\/www.laurentbourrelly.com\/blog\/wp-json\/wp\/v2\/pages\/55635\/revisions\/55636"}],"wp:attachment":[{"href":"https:\/\/www.laurentbourrelly.com\/blog\/wp-json\/wp\/v2\/media?parent=55635"}],"curies":[{"name":"wp","href":"https:\/\/api.w.org\/{rel}","templated":true}]}}